{"id":61,"date":"2024-12-14T17:30:27","date_gmt":"2024-12-14T16:30:27","guid":{"rendered":"https:\/\/musiclive.be\/?page_id=61"},"modified":"2025-01-02T13:09:16","modified_gmt":"2025-01-02T12:09:16","slug":"noel","status":"publish","type":"page","link":"https:\/\/musiclive.be\/index.php\/noel\/","title":{"rendered":"No\u00ebl"},"content":{"rendered":"\n<p class=\"has-text-align-center\" style=\"margin-top:var(--wp--preset--spacing--20);margin-bottom:var(--wp--preset--spacing--20)\">D\u00e8s la mi-novembre, la magie de No\u00ebl s&rsquo;immisce dans nos pens\u00e9es. C&rsquo;est un moyen de se r\u00e9conforter alors que l&rsquo;hiver ne fait que commencer. <\/p>\n\n\n\n<p class=\"has-text-align-center\" style=\"margin-top:var(--wp--preset--spacing--20);margin-bottom:var(--wp--preset--spacing--20)\">Chaque ann\u00e9e, c&rsquo;est le moment d&rsquo;\u00e9couter les nombreuses chansons qui rendent hommage \u00e0 cette p\u00e9riode et de se transporter dans ce moment o\u00f9 la famille, l&rsquo;amiti\u00e9 et la culture culinaire occupent une place centrale. Joyeuses f\u00eates!<\/p>\n\n\n\n<div class=\"wp-block-columns is-layout-flex wp-container-core-columns-is-layout-28f84493 wp-block-columns-is-layout-flex\">\n<div class=\"wp-block-column is-layout-flow wp-block-column-is-layout-flow\">\n<figure class=\"wp-block-embed is-type-video is-provider-youtube wp-block-embed-youtube wp-embed-aspect-16-9 wp-has-aspect-ratio\" style=\"margin-top:0;margin-right:var(--wp--preset--spacing--30);margin-bottom:0;margin-left:var(--wp--preset--spacing--30)\"><div class=\"wp-block-embed__wrapper\">\n<iframe loading=\"lazy\" title=\"Afy &amp; Max wish you a merry Xmas 2024\" width=\"500\" height=\"281\" src=\"https:\/\/www.youtube.com\/embed\/-GPozF4EmGU?feature=oembed\" frameborder=\"0\" allow=\"accelerometer; autoplay; clipboard-write; encrypted-media; gyroscope; picture-in-picture; web-share\" referrerpolicy=\"strict-origin-when-cross-origin\" allowfullscreen><\/iframe>\n<\/div><\/figure>\n\n\n\n<p class=\"has-text-align-center\" style=\"margin-top:var(--wp--preset--spacing--20);margin-bottom:var(--wp--preset--spacing--20)\">The Magic of Xmas in duo : Voix-Guitare-Glockenspiel<\/p>\n<\/div>\n\n\n\n<div class=\"wp-block-column is-layout-flow wp-block-column-is-layout-flow\">\n<figure class=\"wp-block-embed is-type-video is-provider-youtube wp-block-embed-youtube wp-embed-aspect-16-9 wp-has-aspect-ratio\"><div class=\"wp-block-embed__wrapper\">\n<iframe loading=\"lazy\" title=\"Afy &amp; Max wish you a merry Christmas!\" width=\"500\" height=\"281\" src=\"https:\/\/www.youtube.com\/embed\/gV3_wCsK0mw?feature=oembed\" frameborder=\"0\" allow=\"accelerometer; autoplay; clipboard-write; encrypted-media; gyroscope; picture-in-picture; web-share\" referrerpolicy=\"strict-origin-when-cross-origin\" allowfullscreen><\/iframe>\n<\/div><\/figure>\n\n\n\n<p class=\"has-text-align-center\" style=\"margin-top:var(--wp--preset--spacing--20);margin-bottom:var(--wp--preset--spacing--20)\">Merry Christmas!<\/p>\n<\/div>\n\n\n\n<div class=\"wp-block-column is-layout-flow wp-block-column-is-layout-flow\">\n<p class=\"has-text-align-center\" style=\"margin-top:var(--wp--preset--spacing--20);margin-bottom:var(--wp--preset--spacing--20)\"><\/p>\n<\/div>\n<\/div>\n","protected":false},"excerpt":{"rendered":"<p>D\u00e8s la mi-novembre, la magie de No\u00ebl s&rsquo;immisce dans nos pens\u00e9es. C&rsquo;est un moyen de se r\u00e9conforter alors que l&rsquo;hiver [&hellip;]<\/p>\n","protected":false},"author":1,"featured_media":0,"parent":0,"menu_order":0,"comment_status":"closed","ping_status":"closed","template":"","meta":{"site-sidebar-layout":"default","site-content-layout":"","ast-site-content-layout":"","site-content-style":"default","site-sidebar-style":"default","ast-global-header-display":"","ast-banner-title-visibility":"","ast-main-header-display":"","ast-hfb-above-header-display":"","ast-hfb-below-header-display":"","ast-hfb-mobile-header-display":"","site-post-title":"","ast-breadcrumbs-content":"","ast-featured-img":"","footer-sml-layout":"","ast-disable-related-posts":"","theme-transparent-header-meta":"","adv-header-id-meta":"","stick-header-meta":"","header-above-stick-meta":"","header-main-stick-meta":"","header-below-stick-meta":"","astra-migrate-meta-layouts":"default","ast-page-background-enabled":"default","ast-page-background-meta":{"desktop":{"background-color":"var(--ast-global-color-5)","background-image":"","background-repeat":"repeat","background-position":"center center","background-size":"auto","background-attachment":"scroll","background-type":"","background-media":"","overlay-type":"","overlay-color":"","overlay-opacity":"","overlay-gradient":""},"tablet":{"background-color":"","background-image":"","background-repeat":"repeat","background-position":"center center","background-size":"auto","background-attachment":"scroll","background-type":"","background-media":"","overlay-type":"","overlay-color":"","overlay-opacity":"","overlay-gradient":""},"mobile":{"background-color":"","background-image":"","background-repeat":"repeat","background-position":"center center","background-size":"auto","background-attachment":"scroll","background-type":"","background-media":"","overlay-type":"","overlay-color":"","overlay-opacity":"","overlay-gradient":""}},"ast-content-background-meta":{"desktop":{"background-color":"var(--ast-global-color-4)","background-image":"","background-repeat":"repeat","background-position":"center center","background-size":"auto","background-attachment":"scroll","background-type":"","background-media":"","overlay-type":"","overlay-color":"","overlay-opacity":"","overlay-gradient":""},"tablet":{"background-color":"var(--ast-global-color-4)","background-image":"","background-repeat":"repeat","background-position":"center center","background-size":"auto","background-attachment":"scroll","background-type":"","background-media":"","overlay-type":"","overlay-color":"","overlay-opacity":"","overlay-gradient":""},"mobile":{"background-color":"var(--ast-global-color-4)","background-image":"","background-repeat":"repeat","background-position":"center center","background-size":"auto","background-attachment":"scroll","background-type":"","background-media":"","overlay-type":"","overlay-color":"","overlay-opacity":"","overlay-gradient":""}},"footnotes":""},"class_list":["post-61","page","type-page","status-publish","hentry"],"yoast_head":"<!-- This site is optimized with the Yoast SEO plugin v24.1 - https:\/\/yoast.com\/wordpress\/plugins\/seo\/ -->\n<title>No\u00ebl - Live Music for your event in Belgium<\/title>\n<meta name=\"robots\" content=\"index, follow, max-snippet:-1, max-image-preview:large, max-video-preview:-1\" \/>\n<link rel=\"canonical\" href=\"https:\/\/musiclive.be\/index.php\/noel\/\" \/>\n<meta property=\"og:locale\" content=\"fr_FR\" \/>\n<meta property=\"og:type\" content=\"article\" \/>\n<meta property=\"og:title\" content=\"No\u00ebl - Live Music for your event in Belgium\" \/>\n<meta property=\"og:description\" content=\"D\u00e8s la mi-novembre, la magie de No\u00ebl s&rsquo;immisce dans nos pens\u00e9es. C&rsquo;est un moyen de se r\u00e9conforter alors que l&rsquo;hiver [&hellip;]\" \/>\n<meta property=\"og:url\" content=\"https:\/\/musiclive.be\/index.php\/noel\/\" \/>\n<meta property=\"og:site_name\" content=\"Live Music for your event in Belgium\" \/>\n<meta property=\"article:modified_time\" content=\"2025-01-02T12:09:16+00:00\" \/>\n<meta name=\"twitter:card\" content=\"summary_large_image\" \/>\n<script type=\"application\/ld+json\" class=\"yoast-schema-graph\">{\"@context\":\"https:\/\/schema.org\",\"@graph\":[{\"@type\":\"WebPage\",\"@id\":\"https:\/\/musiclive.be\/index.php\/noel\/\",\"url\":\"https:\/\/musiclive.be\/index.php\/noel\/\",\"name\":\"No\u00ebl - Live Music for your event in Belgium\",\"isPartOf\":{\"@id\":\"https:\/\/musiclive.be\/#website\"},\"datePublished\":\"2024-12-14T16:30:27+00:00\",\"dateModified\":\"2025-01-02T12:09:16+00:00\",\"breadcrumb\":{\"@id\":\"https:\/\/musiclive.be\/index.php\/noel\/#breadcrumb\"},\"inLanguage\":\"fr-FR\",\"potentialAction\":[{\"@type\":\"ReadAction\",\"target\":[\"https:\/\/musiclive.be\/index.php\/noel\/\"]}]},{\"@type\":\"BreadcrumbList\",\"@id\":\"https:\/\/musiclive.be\/index.php\/noel\/#breadcrumb\",\"itemListElement\":[{\"@type\":\"ListItem\",\"position\":1,\"name\":\"Accueil\",\"item\":\"https:\/\/musiclive.be\/\"},{\"@type\":\"ListItem\",\"position\":2,\"name\":\"No\u00ebl\"}]},{\"@type\":\"WebSite\",\"@id\":\"https:\/\/musiclive.be\/#website\",\"url\":\"https:\/\/musiclive.be\/\",\"name\":\"Live Music for your event in Belgium\",\"description\":\"Live and acoustic music for your event in Belgium\",\"publisher\":{\"@id\":\"https:\/\/musiclive.be\/#organization\"},\"potentialAction\":[{\"@type\":\"SearchAction\",\"target\":{\"@type\":\"EntryPoint\",\"urlTemplate\":\"https:\/\/musiclive.be\/?s={search_term_string}\"},\"query-input\":{\"@type\":\"PropertyValueSpecification\",\"valueRequired\":true,\"valueName\":\"search_term_string\"}}],\"inLanguage\":\"fr-FR\"},{\"@type\":\"Organization\",\"@id\":\"https:\/\/musiclive.be\/#organization\",\"name\":\"Live Music for your event in Belgium\",\"url\":\"https:\/\/musiclive.be\/\",\"logo\":{\"@type\":\"ImageObject\",\"inLanguage\":\"fr-FR\",\"@id\":\"https:\/\/musiclive.be\/#\/schema\/logo\/image\/\",\"url\":\"https:\/\/musiclive.be\/wp-content\/uploads\/2025\/10\/cropped-Logo-Music-live-rond2-1.jpg\",\"contentUrl\":\"https:\/\/musiclive.be\/wp-content\/uploads\/2025\/10\/cropped-Logo-Music-live-rond2-1.jpg\",\"width\":1998,\"height\":1998,\"caption\":\"Live Music for your event in Belgium\"},\"image\":{\"@id\":\"https:\/\/musiclive.be\/#\/schema\/logo\/image\/\"}}]}<\/script>\n<!-- \/ Yoast SEO plugin. -->","yoast_head_json":{"title":"No\u00ebl - Live Music for your event in Belgium","robots":{"index":"index","follow":"follow","max-snippet":"max-snippet:-1","max-image-preview":"max-image-preview:large","max-video-preview":"max-video-preview:-1"},"canonical":"https:\/\/musiclive.be\/index.php\/noel\/","og_locale":"fr_FR","og_type":"article","og_title":"No\u00ebl - Live Music for your event in Belgium","og_description":"D\u00e8s la mi-novembre, la magie de No\u00ebl s&rsquo;immisce dans nos pens\u00e9es. C&rsquo;est un moyen de se r\u00e9conforter alors que l&rsquo;hiver [&hellip;]","og_url":"https:\/\/musiclive.be\/index.php\/noel\/","og_site_name":"Live Music for your event in Belgium","article_modified_time":"2025-01-02T12:09:16+00:00","twitter_card":"summary_large_image","schema":{"@context":"https:\/\/schema.org","@graph":[{"@type":"WebPage","@id":"https:\/\/musiclive.be\/index.php\/noel\/","url":"https:\/\/musiclive.be\/index.php\/noel\/","name":"No\u00ebl - Live Music for your event in Belgium","isPartOf":{"@id":"https:\/\/musiclive.be\/#website"},"datePublished":"2024-12-14T16:30:27+00:00","dateModified":"2025-01-02T12:09:16+00:00","breadcrumb":{"@id":"https:\/\/musiclive.be\/index.php\/noel\/#breadcrumb"},"inLanguage":"fr-FR","potentialAction":[{"@type":"ReadAction","target":["https:\/\/musiclive.be\/index.php\/noel\/"]}]},{"@type":"BreadcrumbList","@id":"https:\/\/musiclive.be\/index.php\/noel\/#breadcrumb","itemListElement":[{"@type":"ListItem","position":1,"name":"Accueil","item":"https:\/\/musiclive.be\/"},{"@type":"ListItem","position":2,"name":"No\u00ebl"}]},{"@type":"WebSite","@id":"https:\/\/musiclive.be\/#website","url":"https:\/\/musiclive.be\/","name":"Live Music for your event in Belgium","description":"Live and acoustic music for your event in Belgium","publisher":{"@id":"https:\/\/musiclive.be\/#organization"},"potentialAction":[{"@type":"SearchAction","target":{"@type":"EntryPoint","urlTemplate":"https:\/\/musiclive.be\/?s={search_term_string}"},"query-input":{"@type":"PropertyValueSpecification","valueRequired":true,"valueName":"search_term_string"}}],"inLanguage":"fr-FR"},{"@type":"Organization","@id":"https:\/\/musiclive.be\/#organization","name":"Live Music for your event in Belgium","url":"https:\/\/musiclive.be\/","logo":{"@type":"ImageObject","inLanguage":"fr-FR","@id":"https:\/\/musiclive.be\/#\/schema\/logo\/image\/","url":"https:\/\/musiclive.be\/wp-content\/uploads\/2025\/10\/cropped-Logo-Music-live-rond2-1.jpg","contentUrl":"https:\/\/musiclive.be\/wp-content\/uploads\/2025\/10\/cropped-Logo-Music-live-rond2-1.jpg","width":1998,"height":1998,"caption":"Live Music for your event in Belgium"},"image":{"@id":"https:\/\/musiclive.be\/#\/schema\/logo\/image\/"}}]}},"_links":{"self":[{"href":"https:\/\/musiclive.be\/index.php\/wp-json\/wp\/v2\/pages\/61","targetHints":{"allow":["GET"]}}],"collection":[{"href":"https:\/\/musiclive.be\/index.php\/wp-json\/wp\/v2\/pages"}],"about":[{"href":"https:\/\/musiclive.be\/index.php\/wp-json\/wp\/v2\/types\/page"}],"author":[{"embeddable":true,"href":"https:\/\/musiclive.be\/index.php\/wp-json\/wp\/v2\/users\/1"}],"replies":[{"embeddable":true,"href":"https:\/\/musiclive.be\/index.php\/wp-json\/wp\/v2\/comments?post=61"}],"version-history":[{"count":8,"href":"https:\/\/musiclive.be\/index.php\/wp-json\/wp\/v2\/pages\/61\/revisions"}],"predecessor-version":[{"id":315,"href":"https:\/\/musiclive.be\/index.php\/wp-json\/wp\/v2\/pages\/61\/revisions\/315"}],"wp:attachment":[{"href":"https:\/\/musiclive.be\/index.php\/wp-json\/wp\/v2\/media?parent=61"}],"curies":[{"name":"wp","href":"https:\/\/api.w.org\/{rel}","templated":true}]}}